{"id":9184,"date":"2022-10-17T15:28:29","date_gmt":"2022-10-17T12:28:29","guid":{"rendered":"https:\/\/ignis.com.tr\/gdpr\/"},"modified":"2022-11-24T15:58:43","modified_gmt":"2022-11-24T12:58:43","slug":"gdpr","status":"publish","type":"page","link":"https:\/\/ignis.com.tr\/en\/gdpr\/","title":{"rendered":"GDPR"},"content":{"rendered":"\t\t<div data-elementor-type=\"wp-post\" data-elementor-id=\"9184\" class=\"elementor elementor-9184 elementor-5652\">\n\t\t\t\t\t\t<section class=\"elementor-section elementor-top-section elementor-element elementor-element-1b0997c elementor-section-boxed elementor-section-height-default elementor-section-height-default\" data-id=\"1b0997c\" data-element_type=\"section\" data-e-type=\"section\">\n\t\t\t\t\t\t<div class=\"elementor-container elementor-column-gap-default\">\n\t\t\t\t\t<div class=\"elementor-column elementor-col-100 elementor-top-column elementor-element elementor-element-7d95b25\" data-id=\"7d95b25\" data-element_type=\"column\" data-e-type=\"column\">\n\t\t\t<div class=\"elementor-widget-wrap elementor-element-populated\">\n\t\t\t\t\t\t<div class=\"elementor-element elementor-element-0b5ca5f elementor-widget elementor-widget-heading\" data-id=\"0b5ca5f\" data-element_type=\"widget\" data-e-type=\"widget\" data-widget_type=\"heading.default\">\n\t\t\t\t<div class=\"elementor-widget-container\">\n\t\t\t\t\t<h2 class=\"elementor-heading-title elementor-size-default\">Information on the Law on the Protection of Personal Data<\/h2>\t\t\t\t<\/div>\n\t\t\t\t<\/div>\n\t\t\t\t\t<\/div>\n\t\t<\/div>\n\t\t\t\t\t<\/div>\n\t\t<\/section>\n\t\t\t\t<section class=\"elementor-section elementor-top-section elementor-element elementor-element-6d04350 elementor-section-boxed elementor-section-height-default elementor-section-height-default\" data-id=\"6d04350\" data-element_type=\"section\" data-e-type=\"section\">\n\t\t\t\t\t\t<div class=\"elementor-container elementor-column-gap-default\">\n\t\t\t\t\t<div class=\"elementor-column elementor-col-100 elementor-top-column elementor-element elementor-element-c160e71\" data-id=\"c160e71\" data-element_type=\"column\" data-e-type=\"column\">\n\t\t\t<div class=\"elementor-widget-wrap elementor-element-populated\">\n\t\t\t\t\t\t<div class=\"elementor-element elementor-element-a07a681 elementor-widget elementor-widget-text-editor\" data-id=\"a07a681\" data-element_type=\"widget\" data-e-type=\"widget\" data-widget_type=\"text-editor.default\">\n\t\t\t\t<div class=\"elementor-widget-container\">\n\t\t\t\t\t\t\t\t\t<p><b>Dear Visitor,<\/b><\/p>\n<p>Regarding your personal data to be processed by visiting our website and filling out the contact form; As a data controller, we would like to inform you in accordance with the Law No. 6698 on the Protection of Personal Data (\u201cLaw\u201d).<\/p>\n<p>Which Personal Data We Will Process and What Are Our Purposes for Processing Your Personal Data?<\/p>\n<p>Your personal data in the form of identity information (name-surname), Contact Information (e-mail address), Transaction Security Information (IP address, site traffic information, etc.) of our valued visitors;<\/p>\n<ul>\n<li>In order to respond to your requests and messages in case of sending the contact form through our website and to carry out communication activities within this scope,<\/li>\n<li>Within the scope of all stages, including the establishment, performance and termination of the contracts you will make,<\/li>\n<li>is processed for the purpose of ensuring the security of our website.<\/li>\n<\/ul>\n<p>To Whom and For What Purposes Can We Share Your Personal Data?<\/p>\n<p>Your personal data is stored securely and will not be transferred to third parties except in the following cases;<\/p>\n<ul>\n<li>Persons, institutions and\/or organizations required\/permitted by law and other legislation provisions,<\/li>\n<li>All kinds of public legal entities, authorities that have the authority to receive personal data,<\/li>\n<li>To our business partners<\/li>\n<\/ul>\n<p>due to legal obligations, your personal data can only be transferred within the framework of legal restrictions.<\/p>\n<p><b>What is the Collection Method and Legal Reason for Your Personal Data?<\/b><\/p>\n<p>Your personal data; It is collected by using our website and filling out the contact form, in fully automatic or partially automatic ways, to be stored for the period necessary for the purpose of processing.<\/p>\n<p>Your personal data;<\/p>\n<ul>\n<li>With the negotiation, establishment and performance of the contract (KVKK art.5\/2-c)<\/li>\n<li>Provided that it does not harm the fundamental rights and freedoms of the person concerned, data processing is mandatory for our legitimate interests (Article 5\/2-f of the KVKK).<\/li>\n<\/ul>\n<p><b>Your Rights Pursuant to Article 11 of the Law<\/b><\/p>\n<p>With regard to your personal data, you can always apply to us regarding the rights you have in accordance with Article 11 of the Law.<\/p>\n<p>You can send your applications in writing to the address written below or by sending an e-mail from your e-mail address registered in our system to the e-mail address written below.<\/p>\n<p><b>Data Administrator:<\/b><\/p>\n<p>H\u00fcseyin ZEYTUN<\/p>\n<p><b>Adres:<\/b>&nbsp;Atat\u00fcrk Mahallesi \u015eeref Sokak, N: 19A, Ata\u015fehir \/ \u0130stanbul&nbsp;<span style=\"background-color: rgba(255, 255, 255, 0); color: var(--the7-base-color); letter-spacing: var(--the7-base-letter-spacing); text-transform: var(--the7-base-text-transform); word-spacing: normal;\">34758<\/span><\/p>\n<p><b>E-posta:<\/b>&nbsp;info@ignis.com.tr<\/p>\t\t\t\t\t\t\t\t<\/div>\n\t\t\t\t<\/div>\n\t\t\t\t\t<\/div>\n\t\t<\/div>\n\t\t\t\t\t<\/div>\n\t\t<\/section>\n\t\t\t\t<\/div>\n\t\t","protected":false},"excerpt":{"rendered":"<p>Information on the Law on the Protection of Personal Data Dear Visitor, Regarding your personal data to be processed by visiting our website and filling out the contact form; As a data controller, we would like to inform you in accordance with the Law No. 6698 on the Protection of Personal Data (\u201cLaw\u201d). Which Personal&hellip;<\/p>\n","protected":false},"author":1,"featured_media":8993,"parent":0,"menu_order":0,"comment_status":"closed","ping_status":"closed","template":"","meta":{"_themeisle_gutenberg_block_has_review":false,"footnotes":""},"class_list":["post-9184","page","type-page","status-publish","has-post-thumbnail","hentry"],"_links":{"self":[{"href":"https:\/\/ignis.com.tr\/en\/wp-json\/wp\/v2\/pages\/9184","targetHints":{"allow":["GET"]}}],"collection":[{"href":"https:\/\/ignis.com.tr\/en\/wp-json\/wp\/v2\/pages"}],"about":[{"href":"https:\/\/ignis.com.tr\/en\/wp-json\/wp\/v2\/types\/page"}],"author":[{"embeddable":true,"href":"https:\/\/ignis.com.tr\/en\/wp-json\/wp\/v2\/users\/1"}],"replies":[{"embeddable":true,"href":"https:\/\/ignis.com.tr\/en\/wp-json\/wp\/v2\/comments?post=9184"}],"version-history":[{"count":1,"href":"https:\/\/ignis.com.tr\/en\/wp-json\/wp\/v2\/pages\/9184\/revisions"}],"predecessor-version":[{"id":9185,"href":"https:\/\/ignis.com.tr\/en\/wp-json\/wp\/v2\/pages\/9184\/revisions\/9185"}],"wp:featuredmedia":[{"embeddable":true,"href":"https:\/\/ignis.com.tr\/en\/wp-json\/wp\/v2\/media\/8993"}],"wp:attachment":[{"href":"https:\/\/ignis.com.tr\/en\/wp-json\/wp\/v2\/media?parent=9184"}],"curies":[{"name":"wp","href":"https:\/\/api.w.org\/{rel}","templated":true}]}}